{"id":2837,"date":"2021-06-19T16:56:10","date_gmt":"2021-06-19T09:56:10","guid":{"rendered":"https:\/\/vnptkg.com\/rachgia\/?page_id=2837"},"modified":"2021-09-25T16:00:39","modified_gmt":"2021-09-25T09:00:39","slug":"dang-ky-goi-hometv-1-tivi-thuong","status":"publish","type":"page","link":"https:\/\/vnptkg.com\/rachgia\/dang-ky-goi-hometv-1-tivi-thuong\/","title":{"rendered":"\u0110\u0103ng K\u00fd G\u00f3i HomeTV 1 (Tivi th\u01b0\u1eddng)"},"content":{"rendered":"<div class=\"row\"  id=\"row-689973919\">\n\n\t<div id=\"col-1532064627\" class=\"col small-12 large-12\"  >\n\t\t<div class=\"col-inner\"  >\n\t\t\t\n\t\t\t\n<div class=\"container section-title-container\" ><h3 class=\"section-title section-title-center\"><b><\/b><span class=\"section-title-main\" >HomeTV 1 (D\u00e0nh cho tivi th\u01b0\u1eddng)<\/span><b><\/b><\/h3><\/div>\n\t\t<\/div>\n\t\t\t<\/div>\n\n\t\n<\/div>\n<div class=\"row\"  id=\"row-464715917\">\n\n\t<div id=\"col-647576937\" class=\"col medium-4 small-12 large-4\"  >\n\t\t<div class=\"col-inner\"  >\n\t\t\t\n\t\t\t\n<p><b>\u01afu \u0111\u00e3i \u0111\u0103ng k\u00fd<\/b><\/p>\n<p>&#8211; \u0110\u01b0\u1eddng truy\u1ec1n Internet t\u1ed1c \u0111\u1ed9 40Mbps<\/p>\n<p>&#8211; G\u00f3i truy\u1ec1n h\u00ecnh MyTV n\u00e2ng cao 175 k\u00eanh.\u00a0<a href=\"\/rachgia\/danh-sach-kenh-mytv\/\">Danh s\u00e1ch g\u00f3i k\u00eanh n\u00e2ng cao g\u1ed3m 175 k\u00eanh truy\u1ec1n h\u00ecnh MyTV<\/a><\/p>\n\t\t<\/div>\n\t\t\t<\/div>\n\n\t\n\n\t<div id=\"col-1811839451\" class=\"col medium-4 small-12 large-4\"  >\n\t\t<div class=\"col-inner\"  >\n\t\t\t\n\t\t\t\n<p><strong>Gi\u00e1 c\u01b0\u1edbc<\/strong><\/p>\n<p>\u2013 06 th\u00e1ng: 1.260.000\u0111 t\u1eb7ng th\u00eam 01 th\u00e1ng (Mi\u1ec5n ph\u00ed l\u1eafp \u0111\u1eb7t)<br \/>\n\u2013 12 th\u00e1ng: 2.520.000\u0111 t\u1eb7ng th\u00eam 03 th\u00e1ng (Mi\u1ec5n ph\u00ed l\u1eafp \u0111\u1eb7t)<\/p>\n\t\t<\/div>\n\t\t\t<\/div>\n\n\t\n\n\t<div id=\"col-1687654530\" class=\"col medium-4 small-12 large-4\"  >\n\t\t<div class=\"col-inner\"  >\n\t\t\t\n\t\t\t\n<p><strong>Khuy\u1ebfn m\u1ea1i<\/strong><\/p>\n<p>&#8211; \u0110\u00f3ng 6 th\u00e1ng d\u00f9ng 7 th\u00e1ng<\/p>\n<p>&#8211; \u0110\u00f3ng 12 th\u00e1ng d\u00f9ng 15 th\u00e1ng<\/p>\n<p>&#8211; Trang b\u1ecb STB Android h\u1ed7 tr\u1ee3 xem phim, youtube,&#8230;..<\/p>\n\t\t<\/div>\n\t\t\t<\/div>\n\n\t\n<\/div>\n<div class=\"container section-title-container\" ><h3 class=\"section-title section-title-normal\"><b><\/b><span class=\"section-title-main\" >\u0110\u0103ng K\u00fd Ngay<\/span><b><\/b><\/h3><\/div>\n<div class=\"row\"  id=\"row-2126464676\">\n\n\t<div id=\"col-865202357\" class=\"col medium-6 small-12 large-6\"  >\n\t\t<div class=\"col-inner\"  >\n\t\t\t\n\t\t\t\n<div role=\"form\" class=\"wpcf7\" id=\"wpcf7-f2825-o1\" lang=\"vi\" dir=\"ltr\">\n<div class=\"screen-reader-response\"><p role=\"status\" aria-live=\"polite\" aria-atomic=\"true\"><\/p> <ul><\/ul><\/div>\n<form action=\"\/rachgia\/wp-json\/wp\/v2\/pages\/2837#wpcf7-f2825-o1\" method=\"post\" class=\"wpcf7-form init\" novalidate=\"novalidate\" data-status=\"init\">\n<div style=\"display: none;\">\n<input type=\"hidden\" name=\"_wpcf7\" value=\"2825\" \/>\n<input type=\"hidden\" name=\"_wpcf7_version\" value=\"5.4.1\" \/>\n<input type=\"hidden\" name=\"_wpcf7_locale\" value=\"vi\" \/>\n<input type=\"hidden\" name=\"_wpcf7_unit_tag\" value=\"wpcf7-f2825-o1\" \/>\n<input type=\"hidden\" name=\"_wpcf7_container_post\" value=\"0\" \/>\n<input type=\"hidden\" name=\"_wpcf7_posted_data_hash\" value=\"\" \/>\n<\/div>\n<p><span class=\"wpcf7-form-control-wrap text-1061\"><input type=\"text\" name=\"text-1061\" value=\"\" size=\"40\" class=\"wpcf7-form-control wpcf7-text wpcf7-validates-as-required\" aria-required=\"true\" aria-invalid=\"false\" placeholder=\"H\u1ecd V\u00e0 T\u00ean\" \/><\/span><br \/>\n<span class=\"wpcf7-form-control-wrap text-1062\"><input type=\"text\" name=\"text-1062\" value=\"\" size=\"40\" class=\"wpcf7-form-control wpcf7-text wpcf7-validates-as-required\" aria-required=\"true\" aria-invalid=\"false\" placeholder=\"S\u1ed1 \u0110i\u1ec7n Tho\u1ea1i\" \/><\/span><br \/>\n<span class=\"wpcf7-form-control-wrap text-1063\"><input type=\"text\" name=\"text-1063\" value=\"\" size=\"40\" class=\"wpcf7-form-control wpcf7-text wpcf7-validates-as-required\" aria-required=\"true\" aria-invalid=\"false\" placeholder=\"\u0110\u1ecba Ch\u1ec9 L\u1eafp \u0110\u1eb7t\" \/><\/span><br \/>\n<span class=\"wpcf7-form-control-wrap menu-1060\"><select name=\"menu-1060\" class=\"wpcf7-form-control wpcf7-select wpcf7-validates-as-required\" aria-required=\"true\" aria-invalid=\"false\"><option value=\"G\u00f3i 6 th\u00e1ng t\u1eb7ng 1 th\u00e1ng: 1.260.000\u0111\">G\u00f3i 6 th\u00e1ng t\u1eb7ng 1 th\u00e1ng: 1.260.000\u0111<\/option><option value=\"G\u00f3i 12 th\u00e1ng t\u1eb7ng 3 th\u00e1ng: 2.520.000\u0111\">G\u00f3i 12 th\u00e1ng t\u1eb7ng 3 th\u00e1ng: 2.520.000\u0111<\/option><\/select><\/span><br \/>\n<center><input type=\"submit\" value=\"\u0110\u0102NG K\u00dd NGAY\" class=\"wpcf7-form-control wpcf7-submit\" \/><\/center><\/p>\n<div class=\"wpcf7-response-output\" aria-hidden=\"true\"><\/div><\/form><\/div>\n\t\t<\/div>\n\t\t\t<\/div>\n\n\t\n\n\t<div id=\"col-938034429\" class=\"col medium-6 small-12 large-6\"  >\n\t\t<div class=\"col-inner\"  >\n\t\t\t\n\t\t\t\n<p style=\"text-align: center;\"><span data-text-color=\"alert\"><strong>Qu\u00fd kh\u00e1ch vui l\u00f2ng li\u00ean h\u1ec7 HOTLINE: <a href=\"tel:0817332222\">0817 33 2222<\/a> \u0111\u1ec3 \u0111\u01b0\u1ee3c t\u01b0 v\u1ea5n mi\u1ec5n ph\u00ed g\u00f3i d\u1ecbch v\u1ee5 ph\u00f9 h\u1ee3p.<\/strong><\/span><br \/>\n<span data-text-color=\"alert\"><strong>Qu\u00fd kh\u00e1ch c\u00f3 th\u1ec3 \u0111\u1ec3 l\u1ea1i th\u00f4ng tin \u0111\u0103ng k\u00fd d\u1ecbch v\u1ee5 theo form.<\/strong><\/span><br \/>\n<span data-text-color=\"alert\"><strong>VNPT s\u1ebd c\u00f3 nh\u00e2n vi\u00ean li\u00ean h\u1ec7 l\u1ea1i trong v\u00f2ng 5 ph\u00fat.<\/strong><\/span><\/p>\n\t\t<\/div>\n\t\t\t<\/div>\n\n\t\n<\/div>\n","protected":false},"excerpt":{"rendered":"","protected":false},"author":58,"featured_media":0,"parent":0,"menu_order":0,"comment_status":"closed","ping_status":"closed","template":"","meta":[],"yoast_head":"<!-- This site is optimized with the Yoast SEO plugin v16.5 - https:\/\/yoast.com\/wordpress\/plugins\/seo\/ -->\n<title>\u0110\u0103ng K\u00fd G\u00f3i HomeTV 1 (Tivi th\u01b0\u1eddng) - VNPT Ki\u00ean Giang<\/title>\n<meta name=\"robots\" content=\"index, follow, max-snippet:-1, max-image-preview:large, max-video-preview:-1\" \/>\n<link rel=\"canonical\" href=\"https:\/\/vnptkg.com\/rachgia\/dang-ky-goi-hometv-1-tivi-thuong\/\" \/>\n<meta property=\"og:locale\" content=\"vi_VN\" \/>\n<meta property=\"og:type\" content=\"article\" \/>\n<meta property=\"og:title\" content=\"\u0110\u0103ng K\u00fd G\u00f3i HomeTV 1 (Tivi th\u01b0\u1eddng) - VNPT Ki\u00ean Giang\" \/>\n<meta property=\"og:url\" content=\"https:\/\/vnptkg.com\/rachgia\/dang-ky-goi-hometv-1-tivi-thuong\/\" \/>\n<meta property=\"og:site_name\" content=\"VNPT Ki\u00ean Giang\" \/>\n<meta property=\"article:modified_time\" content=\"2021-09-25T09:00:39+00:00\" \/>\n<meta name=\"twitter:card\" content=\"summary_large_image\" \/>\n<meta name=\"twitter:label1\" content=\"\u01af\u1edbc t\u00ednh th\u1eddi gian \u0111\u1ecdc\" \/>\n\t<meta name=\"twitter:data1\" content=\"1 ph\u00fat\" \/>\n<script type=\"application\/ld+json\" class=\"yoast-schema-graph\">{\"@context\":\"https:\/\/schema.org\",\"@graph\":[{\"@type\":\"WebSite\",\"@id\":\"https:\/\/vnptkg.com\/rachgia\/#website\",\"url\":\"https:\/\/vnptkg.com\/rachgia\/\",\"name\":\"VNPT Ki\\u00ean Giang\",\"description\":\"\",\"potentialAction\":[{\"@type\":\"SearchAction\",\"target\":\"https:\/\/vnptkg.com\/rachgia\/?s={search_term_string}\",\"query-input\":\"required name=search_term_string\"}],\"inLanguage\":\"vi\"},{\"@type\":\"WebPage\",\"@id\":\"https:\/\/vnptkg.com\/rachgia\/dang-ky-goi-hometv-1-tivi-thuong\/#webpage\",\"url\":\"https:\/\/vnptkg.com\/rachgia\/dang-ky-goi-hometv-1-tivi-thuong\/\",\"name\":\"\\u0110\\u0103ng K\\u00fd G\\u00f3i HomeTV 1 (Tivi th\\u01b0\\u1eddng) - VNPT Ki\\u00ean Giang\",\"isPartOf\":{\"@id\":\"https:\/\/vnptkg.com\/rachgia\/#website\"},\"datePublished\":\"2021-06-19T09:56:10+00:00\",\"dateModified\":\"2021-09-25T09:00:39+00:00\",\"breadcrumb\":{\"@id\":\"https:\/\/vnptkg.com\/rachgia\/dang-ky-goi-hometv-1-tivi-thuong\/#breadcrumb\"},\"inLanguage\":\"vi\",\"potentialAction\":[{\"@type\":\"ReadAction\",\"target\":[\"https:\/\/vnptkg.com\/rachgia\/dang-ky-goi-hometv-1-tivi-thuong\/\"]}]},{\"@type\":\"BreadcrumbList\",\"@id\":\"https:\/\/vnptkg.com\/rachgia\/dang-ky-goi-hometv-1-tivi-thuong\/#breadcrumb\",\"itemListElement\":[{\"@type\":\"ListItem\",\"position\":1,\"name\":\"Trang ch\\u1ee7\",\"item\":\"https:\/\/vnptkg.com\/rachgia\/\"},{\"@type\":\"ListItem\",\"position\":2,\"name\":\"\\u0110\\u0103ng K\\u00fd G\\u00f3i HomeTV 1 (Tivi th\\u01b0\\u1eddng)\"}]}]}<\/script>\n<!-- \/ Yoast SEO plugin. -->","_links":{"self":[{"href":"https:\/\/vnptkg.com\/rachgia\/wp-json\/wp\/v2\/pages\/2837"}],"collection":[{"href":"https:\/\/vnptkg.com\/rachgia\/wp-json\/wp\/v2\/pages"}],"about":[{"href":"https:\/\/vnptkg.com\/rachgia\/wp-json\/wp\/v2\/types\/page"}],"author":[{"embeddable":true,"href":"https:\/\/vnptkg.com\/rachgia\/wp-json\/wp\/v2\/users\/58"}],"replies":[{"embeddable":true,"href":"https:\/\/vnptkg.com\/rachgia\/wp-json\/wp\/v2\/comments?post=2837"}],"version-history":[{"count":7,"href":"https:\/\/vnptkg.com\/rachgia\/wp-json\/wp\/v2\/pages\/2837\/revisions"}],"predecessor-version":[{"id":3771,"href":"https:\/\/vnptkg.com\/rachgia\/wp-json\/wp\/v2\/pages\/2837\/revisions\/3771"}],"wp:attachment":[{"href":"https:\/\/vnptkg.com\/rachgia\/wp-json\/wp\/v2\/media?parent=2837"}],"curies":[{"name":"wp","href":"https:\/\/api.w.org\/{rel}","templated":true}]}}