{"id":2962,"date":"2021-06-19T19:10:32","date_gmt":"2021-06-19T12:10:32","guid":{"rendered":"https:\/\/vnptkg.com\/rachgia\/?page_id=2962"},"modified":"2021-06-19T21:25:19","modified_gmt":"2021-06-19T14:25:19","slug":"phan-mem-bao-hiem-xa-hoi","status":"publish","type":"page","link":"https:\/\/vnptkg.com\/rachgia\/phan-mem-bao-hiem-xa-hoi\/","title":{"rendered":"PH\u1ea6N M\u1ec0M B\u1ea2O HI\u1ec2M X\u00c3 H\u1ed8I"},"content":{"rendered":"\n  <div class=\"banner has-hover\" id=\"banner-386688216\">\n          <div class=\"banner-inner fill\">\n        <div class=\"banner-bg fill\" >\n            <div class=\"bg fill bg-fill \"><\/div>\n                                    \n                    <\/div>\n        <div class=\"banner-layers container\">\n            <div class=\"fill banner-link\"><\/div>            \n        <\/div>\n      <\/div>\n\n              <div class=\"height-fix is-invisible\"><img width=\"1020\" height=\"507\" src=\"https:\/\/vnptkg.com\/rachgia\/wp-content\/uploads\/2021\/06\/64h46gf4h5-1200x596.jpg\" class=\"attachment-large size-large\" alt=\"\" loading=\"lazy\" srcset=\"https:\/\/vnptkg.com\/rachgia\/wp-content\/uploads\/2021\/06\/64h46gf4h5-1200x596.jpg 1200w, https:\/\/vnptkg.com\/rachgia\/wp-content\/uploads\/2021\/06\/64h46gf4h5-768x381.jpg 768w, https:\/\/vnptkg.com\/rachgia\/wp-content\/uploads\/2021\/06\/64h46gf4h5-1536x763.jpg 1536w, https:\/\/vnptkg.com\/rachgia\/wp-content\/uploads\/2021\/06\/64h46gf4h5-2048x1017.jpg 2048w\" sizes=\"(max-width: 1020px) 100vw, 1020px\" \/><\/div>\n            \n<style>\n#banner-386688216 .bg.bg-loaded {\n  background-image: url(https:\/\/vnptkg.com\/rachgia\/wp-content\/uploads\/2021\/06\/64h46gf4h5-1200x596.jpg);\n}\n<\/style>\n  <\/div>\n\n\n<div class=\"row row-small align-equal row-box-shadow-1\"  id=\"row-1113404665\">\n\n\t<div id=\"col-1463589907\" class=\"col small-12 large-12\"  >\n\t\t<div class=\"col-inner\"  >\n\t\t\t\n\t\t\t\n<h2>D\u1ecbch v\u1ee5 k\u00ea khai b\u1ea3o hi\u1ec3m x\u00e3 h\u1ed9i tr\u1ef1c tuy\u1ebfn (VNPT-BHXH)<\/h2>\n<p><strong>VNPT-BHXH<\/strong>\u00a0l\u00e0 gi\u1ea3i ph\u00e1p giao d\u1ecbch \u0111i\u1ec7n t\u1eed gi\u1eefa c\u00e1c T\u1ed5 ch\u1ee9c, Doanh nghi\u1ec7p, c\u00e1c \u0111\u01a1n v\u1ecb h\u00e0nh ch\u00ednh s\u1ef1 nghi\u1ec7p, tr\u01b0\u1eddng h\u1ecdc v\u1edbi c\u01a1 quan b\u1ea3o hi\u1ec3m x\u00e3 h\u1ed9i tr\u00ean to\u00e0n qu\u1ed1c<\/p>\n<p><strong>L\u1ee3i \u00edch d\u1ecbch v\u1ee5:<\/strong><\/p>\n<ul>\n<li>Gi\u00fap kh\u00e1ch h\u00e0ng l\u1eadp t\u1edd khai, h\u1ed3 s\u01a1 BHXH theo chu\u1ea9n quy \u0111\u1ecbnh c\u1ee7a Ng\u00e0nh BHXH<\/li>\n<li>Ti\u1ebft ki\u1ec7m chi ph\u00ed, gi\u1ea5y t\u1edd, gi\u1ea3m 70% th\u1eddi gian kh\u00e1ch h\u00e0ng l\u1eadp th\u1ee7 t\u1ee5c v\u00e0 giao d\u1ecbch v\u1edbi c\u01a1 quan BHXH<\/li>\n<li>Ph\u1ea7n m\u1ec1m g\u1ecdn nh\u1eb9, d\u1ec5 s\u1eed d\u1ee5ng, h\u1ea1n ch\u1ebf t\u00ecnh tr\u1ea1ng t\u1eafc ng\u1ebdn trong qu\u00e1 tr\u00ecnh k\u00fd v\u00e0 g\u1eedi h\u1ed3 s\u01a1.<\/li>\n<li>H\u1ed3 s\u01a1 k\u00ea khai BHXH s\u1ebd \u0111\u01b0\u1ee3c \u0111\u1ea3m b\u1ea3o ti\u1ebfp nh\u1eadn th\u00f4ng su\u1ed1t, doanh nghi\u1ec7p kh\u00f4ng ph\u1ea3i in t\u1edd khai, kh\u00f4ng c\u1ea7n \u0111\u1ebfn c\u01a1 quan BHXH, t\u1edd khai \u0111\u01b0\u1ee3c n\u1ed9p tr\u1ef1c ti\u1ebfp qua m\u1ea1ng v\u00e0 nh\u1eadn k\u1ebft qu\u1ea3 ngay.<\/li>\n<li>Ngo\u00e0i ra, v\u1edbi d\u1ecbch v\u1ee5 I-VAN doanh nghi\u1ec7p s\u1ebd \u0111\u01b0\u1ee3c h\u1ed7 tr\u1ee3 b\u1edfi d\u1ecbch v\u1ee5 chuy\u00ean nghi\u1ec7p v\u00e0 chu \u0111\u00e1o trong qu\u00e1 tr\u00ecnh k\u00ea khai l\u1eadp h\u1ed3 s\u01a1.<\/li>\n<li>H\u1ed7 tr\u1ee3 c\u01a1 quan BHXH ti\u1ebft ki\u1ec7m chi ph\u00ed, nh\u00e2n l\u1ef1c, t\u0103ng c\u01b0\u1eddng hi\u1ec7u qu\u1ea3 trong qu\u1ea3n l\u00fd, x\u1eed l\u00fd th\u1ee7 t\u1ee5c h\u1ed3 s\u01a1 BHXH.<\/li>\n<\/ul>\n<p><strong>\u0110\u1ed1i t\u01b0\u1ee3ng kh\u00e1ch h\u00e0ng:<\/strong><\/p>\n<ul>\n<li>C\u00e1c t\u1ed5 ch\u1ee9c, doanh nghi\u1ec7p c\u00f3 s\u1eed d\u1ee5ng lao \u0111\u1ed9ng tr\u00ean l\u00e3nh th\u1ed5 Vi\u1ec7t Nam.<\/li>\n<li>UBND x\u00e3\/ph\u01b0\u1eddng th\u1ef1c hi\u1ec7n th\u1ee7 t\u1ee5c BHYT cho tr\u1ebb em d\u01b0\u1edbi 6 tu\u1ed5i v\u00e0 BHYT t\u1ef1 nguy\u1ec7n cho ng\u01b0\u1eddi d\u00e2n.<\/li>\n<li>Tr\u01b0\u1eddng h\u1ecdc th\u1ef1c hi\u1ec7n BHYT cho h\u1ecdc sinh sinh vi\u00ean.<\/li>\n<\/ul>\n<p><strong>Gi\u00e1 c\u01b0\u1edbc:<\/strong><\/p>\n<ul>\n<li>G\u00f3i c\u01b0\u1edbc VNPT-VAN 10+ VNPT-CA: T\u1ed5 ch\u1ee9c, doanh nghi\u1ec7p, c\u00e1c \u0111\u01a1n v\u1ecb h\u00e0nh ch\u00ednh s\u1ef1 nghi\u1ec7p,.. c\u00f3 s\u1ed1 lao \u0111\u1ed9ng t\u1eeb 1 lao \u0111\u1ed9ng \u0111\u1ebfn 10 lao \u0111\u1ed9ng<\/li>\n<li>G\u00f3i c\u01b0\u1edbc VNPT-VAN 100+VNPT-CA: T\u1ed5 ch\u1ee9c, doanh nghi\u1ec7p, c\u00e1c \u0111\u01a1n v\u1ecb h\u00e0nh ch\u00ednh s\u1ef1 nghi\u1ec7p,.. c\u00f3 s\u1ed1 lao \u0111\u1ed9ng t\u1eeb 1 lao \u0111\u1ed9ng \u0111\u1ebfn 100 lao \u0111\u1ed9ng<\/li>\n<li>G\u00f3i c\u01b0\u1edbc VNPT-VAN 1000+VNPT-CA: T\u1ed5 ch\u1ee9c, doanh nghi\u1ec7p, c\u00e1c \u0111\u01a1n v\u1ecb h\u00e0nh ch\u00ednh s\u1ef1 nghi\u1ec7p,.. c\u00f3 s\u1ed1 lao \u0111\u1ed9ng t\u1eeb 101 lao \u0111\u1ed9ng \u0111\u1ebfn 1.000 lao \u0111\u1ed9ng.<\/li>\n<li>G\u00f3i c\u01b0\u1edbc VNPT-VAN Max+VNPT-CA: kh\u00f4ng gi\u1edbi h\u1ea1n s\u1ed1 l\u01b0\u1ee3ng lao \u0111\u1ed9ng c\u1ee7a t\u1ed5 ch\u1ee9c, doanh nghi\u1ec7p, c\u00e1c \u0111\u01a1n v\u1ecb h\u00e0nh ch\u00ednh s\u1ef1 nghi\u1ec7p.<\/li>\n<\/ul>\n\t\t<\/div>\n\t\t\n<style>\n#col-1463589907 > .col-inner {\n  padding: 10px 10px 10px 10px;\n}\n<\/style>\n\t<\/div>\n\n\t\n<\/div>\n<div class=\"row\"  id=\"row-1403552645\">\n\n\t<div id=\"col-1106497511\" class=\"col small-12 large-12\"  >\n\t\t<div class=\"col-inner\"  >\n\t\t\t\n\t\t\t\n<h3 style=\"text-align: center;\">\u0110\u0102NG K\u00dd<\/h3>\n<p style=\"text-align: center;\">\u0110\u0103ng k\u00ed th\u00f4ng tin ngay h\u00f4m nay \u0111\u1ec3 ch\u00fang t\u00f4i c\u00f3 th\u1ec3 li\u00ean h\u1ec7 v\u00e0 ph\u1ee5c v\u1ee5 b\u1ea1n.<\/p>\n<div role=\"form\" class=\"wpcf7\" id=\"wpcf7-f3072-o1\" lang=\"vi\" dir=\"ltr\">\n<div class=\"screen-reader-response\"><p role=\"status\" aria-live=\"polite\" aria-atomic=\"true\"><\/p> <ul><\/ul><\/div>\n<form action=\"\/rachgia\/wp-json\/wp\/v2\/pages\/2962#wpcf7-f3072-o1\" method=\"post\" class=\"wpcf7-form init\" novalidate=\"novalidate\" data-status=\"init\">\n<div style=\"display: none;\">\n<input type=\"hidden\" name=\"_wpcf7\" value=\"3072\" \/>\n<input type=\"hidden\" name=\"_wpcf7_version\" value=\"5.4.1\" \/>\n<input type=\"hidden\" name=\"_wpcf7_locale\" value=\"vi\" \/>\n<input type=\"hidden\" name=\"_wpcf7_unit_tag\" value=\"wpcf7-f3072-o1\" \/>\n<input type=\"hidden\" name=\"_wpcf7_container_post\" value=\"0\" \/>\n<input type=\"hidden\" name=\"_wpcf7_posted_data_hash\" value=\"\" \/>\n<\/div>\n<p><span class=\"wpcf7-form-control-wrap text-2701\"><input type=\"text\" name=\"text-2701\" value=\"\" size=\"40\" class=\"wpcf7-form-control wpcf7-text wpcf7-validates-as-required\" aria-required=\"true\" aria-invalid=\"false\" placeholder=\"M\u00e3 \u0111\u01a1n v\u1ecb\" \/><\/span><br \/>\n<span class=\"wpcf7-form-control-wrap text-2702\"><input type=\"text\" name=\"text-2702\" value=\"\" size=\"40\" class=\"wpcf7-form-control wpcf7-text wpcf7-validates-as-required\" aria-required=\"true\" aria-invalid=\"false\" placeholder=\"T\u00ean c\u00f4ng ty\" \/><\/span><br \/>\n<span class=\"wpcf7-form-control-wrap text-2703\"><input type=\"text\" name=\"text-2703\" value=\"\" size=\"40\" class=\"wpcf7-form-control wpcf7-text wpcf7-validates-as-required\" aria-required=\"true\" aria-invalid=\"false\" placeholder=\"M\u00e3 s\u1ed1 thu\u1ebf\" \/><\/span><br \/>\n<span class=\"wpcf7-form-control-wrap text-2704\"><input type=\"text\" name=\"text-2704\" value=\"\" size=\"40\" class=\"wpcf7-form-control wpcf7-text wpcf7-validates-as-required\" aria-required=\"true\" aria-invalid=\"false\" placeholder=\"\u0110\u1ecba ch\u1ec9\" \/><\/span><br \/>\n<span class=\"wpcf7-form-control-wrap tel-2705\"><input type=\"tel\" name=\"tel-2705\" value=\"\" size=\"40\" class=\"wpcf7-form-control wpcf7-text wpcf7-tel wpcf7-validates-as-required wpcf7-validates-as-tel\" aria-required=\"true\" aria-invalid=\"false\" placeholder=\"S\u1ed1 \u0111i\u1ec7n tho\u1ea1i\" \/><\/span><br \/>\n<span class=\"wpcf7-form-control-wrap email-2706\"><input type=\"email\" name=\"email-2706\" value=\"\" size=\"40\" class=\"wpcf7-form-control wpcf7-text wpcf7-email wpcf7-validates-as-required wpcf7-validates-as-email\" aria-required=\"true\" aria-invalid=\"false\" placeholder=\"Email\" \/><\/span><br \/>\n<span class=\"wpcf7-form-control-wrap textarea-2707\"><textarea name=\"textarea-2707\" cols=\"40\" rows=\"10\" class=\"wpcf7-form-control wpcf7-textarea wpcf7-validates-as-required\" aria-required=\"true\" aria-invalid=\"false\" placeholder=\"N\u1ed9i dung:\"><\/textarea><\/span><br \/>\n<input type=\"submit\" value=\"G\u1eedi y\u00eau c\u1ea7u\" class=\"wpcf7-form-control wpcf7-submit\" \/><\/p>\n<div class=\"wpcf7-response-output\" aria-hidden=\"true\"><\/div><\/form><\/div>\n\t\t<\/div>\n\t\t\n<style>\n#col-1106497511 > .col-inner {\n  padding: 10px 10px 10px 10px;\n}\n<\/style>\n\t<\/div>\n\n\t\n<\/div>\n","protected":false},"excerpt":{"rendered":"","protected":false},"author":58,"featured_media":2964,"parent":0,"menu_order":0,"comment_status":"closed","ping_status":"closed","template":"page-right-sidebar.php","meta":[],"yoast_head":"<!-- This site is optimized with the Yoast SEO plugin v16.5 - https:\/\/yoast.com\/wordpress\/plugins\/seo\/ -->\n<title>PH\u1ea6N M\u1ec0M B\u1ea2O HI\u1ec2M X\u00c3 H\u1ed8I - VNPT Ki\u00ean Giang<\/title>\n<meta name=\"robots\" content=\"index, follow, max-snippet:-1, max-image-preview:large, max-video-preview:-1\" \/>\n<link rel=\"canonical\" href=\"https:\/\/vnptkg.com\/rachgia\/phan-mem-bao-hiem-xa-hoi\/\" \/>\n<meta property=\"og:locale\" content=\"vi_VN\" \/>\n<meta property=\"og:type\" content=\"article\" \/>\n<meta property=\"og:title\" content=\"PH\u1ea6N M\u1ec0M B\u1ea2O HI\u1ec2M X\u00c3 H\u1ed8I - VNPT Ki\u00ean Giang\" \/>\n<meta property=\"og:url\" content=\"https:\/\/vnptkg.com\/rachgia\/phan-mem-bao-hiem-xa-hoi\/\" \/>\n<meta property=\"og:site_name\" content=\"VNPT Ki\u00ean Giang\" \/>\n<meta property=\"article:modified_time\" content=\"2021-06-19T14:25:19+00:00\" \/>\n<meta property=\"og:image\" content=\"https:\/\/vnptkg.com\/rachgia\/wp-content\/uploads\/2021\/06\/64h46gf4h5.jpg\" \/>\n\t<meta property=\"og:image:width\" content=\"2258\" \/>\n\t<meta property=\"og:image:height\" content=\"1121\" \/>\n<meta name=\"twitter:card\" content=\"summary_large_image\" \/>\n<meta name=\"twitter:label1\" content=\"\u01af\u1edbc t\u00ednh th\u1eddi gian \u0111\u1ecdc\" \/>\n\t<meta name=\"twitter:data1\" content=\"3 ph\u00fat\" \/>\n<script type=\"application\/ld+json\" class=\"yoast-schema-graph\">{\"@context\":\"https:\/\/schema.org\",\"@graph\":[{\"@type\":\"WebSite\",\"@id\":\"https:\/\/vnptkg.com\/rachgia\/#website\",\"url\":\"https:\/\/vnptkg.com\/rachgia\/\",\"name\":\"VNPT Ki\\u00ean Giang\",\"description\":\"\",\"potentialAction\":[{\"@type\":\"SearchAction\",\"target\":\"https:\/\/vnptkg.com\/rachgia\/?s={search_term_string}\",\"query-input\":\"required name=search_term_string\"}],\"inLanguage\":\"vi\"},{\"@type\":\"ImageObject\",\"@id\":\"https:\/\/vnptkg.com\/rachgia\/phan-mem-bao-hiem-xa-hoi\/#primaryimage\",\"inLanguage\":\"vi\",\"url\":\"https:\/\/vnptkg.com\/rachgia\/wp-content\/uploads\/2021\/06\/64h46gf4h5.jpg\",\"contentUrl\":\"https:\/\/vnptkg.com\/rachgia\/wp-content\/uploads\/2021\/06\/64h46gf4h5.jpg\",\"width\":2258,\"height\":1121},{\"@type\":\"WebPage\",\"@id\":\"https:\/\/vnptkg.com\/rachgia\/phan-mem-bao-hiem-xa-hoi\/#webpage\",\"url\":\"https:\/\/vnptkg.com\/rachgia\/phan-mem-bao-hiem-xa-hoi\/\",\"name\":\"PH\\u1ea6N M\\u1ec0M B\\u1ea2O HI\\u1ec2M X\\u00c3 H\\u1ed8I - VNPT Ki\\u00ean Giang\",\"isPartOf\":{\"@id\":\"https:\/\/vnptkg.com\/rachgia\/#website\"},\"primaryImageOfPage\":{\"@id\":\"https:\/\/vnptkg.com\/rachgia\/phan-mem-bao-hiem-xa-hoi\/#primaryimage\"},\"datePublished\":\"2021-06-19T12:10:32+00:00\",\"dateModified\":\"2021-06-19T14:25:19+00:00\",\"breadcrumb\":{\"@id\":\"https:\/\/vnptkg.com\/rachgia\/phan-mem-bao-hiem-xa-hoi\/#breadcrumb\"},\"inLanguage\":\"vi\",\"potentialAction\":[{\"@type\":\"ReadAction\",\"target\":[\"https:\/\/vnptkg.com\/rachgia\/phan-mem-bao-hiem-xa-hoi\/\"]}]},{\"@type\":\"BreadcrumbList\",\"@id\":\"https:\/\/vnptkg.com\/rachgia\/phan-mem-bao-hiem-xa-hoi\/#breadcrumb\",\"itemListElement\":[{\"@type\":\"ListItem\",\"position\":1,\"name\":\"Trang ch\\u1ee7\",\"item\":\"https:\/\/vnptkg.com\/rachgia\/\"},{\"@type\":\"ListItem\",\"position\":2,\"name\":\"PH\\u1ea6N M\\u1ec0M B\\u1ea2O HI\\u1ec2M X\\u00c3 H\\u1ed8I\"}]}]}<\/script>\n<!-- \/ Yoast SEO plugin. -->","_links":{"self":[{"href":"https:\/\/vnptkg.com\/rachgia\/wp-json\/wp\/v2\/pages\/2962"}],"collection":[{"href":"https:\/\/vnptkg.com\/rachgia\/wp-json\/wp\/v2\/pages"}],"about":[{"href":"https:\/\/vnptkg.com\/rachgia\/wp-json\/wp\/v2\/types\/page"}],"author":[{"embeddable":true,"href":"https:\/\/vnptkg.com\/rachgia\/wp-json\/wp\/v2\/users\/58"}],"replies":[{"embeddable":true,"href":"https:\/\/vnptkg.com\/rachgia\/wp-json\/wp\/v2\/comments?post=2962"}],"version-history":[{"count":5,"href":"https:\/\/vnptkg.com\/rachgia\/wp-json\/wp\/v2\/pages\/2962\/revisions"}],"predecessor-version":[{"id":3091,"href":"https:\/\/vnptkg.com\/rachgia\/wp-json\/wp\/v2\/pages\/2962\/revisions\/3091"}],"wp:featuredmedia":[{"embeddable":true,"href":"https:\/\/vnptkg.com\/rachgia\/wp-json\/wp\/v2\/media\/2964"}],"wp:attachment":[{"href":"https:\/\/vnptkg.com\/rachgia\/wp-json\/wp\/v2\/media?parent=2962"}],"curies":[{"name":"wp","href":"https:\/\/api.w.org\/{rel}","templated":true}]}}